{"id":804,"date":"2025-08-07T10:44:16","date_gmt":"2025-08-07T09:44:16","guid":{"rendered":"https:\/\/duosportkitchen.com\/?page_id=804"},"modified":"2025-10-29T13:51:30","modified_gmt":"2025-10-29T13:51:30","slug":"reservation-form","status":"publish","type":"page","link":"https:\/\/duosportkitchen.com\/es\/reservation-form\/","title":{"rendered":"reservation form"},"content":{"rendered":"<div data-elementor-type=\"wp-page\" data-elementor-id=\"804\" class=\"elementor elementor-804\" data-elementor-post-type=\"page\">\n\t\t\t\t<div class=\"elementor-element elementor-element-1ba0466 e-flex e-con-boxed e-con e-parent\" data-id=\"1ba0466\" data-element_type=\"container\" data-e-type=\"container\" data-settings=\"{&quot;background_background&quot;:&quot;classic&quot;}\">\n\t\t\t\t\t<div class=\"e-con-inner\">\n\t\t\t\t\t<\/div>\n\t\t\t\t<\/div>\n\t\t<div class=\"elementor-element elementor-element-1ae1205 booking_popup e-flex e-con-boxed e-con e-parent\" data-id=\"1ae1205\" data-element_type=\"container\" data-e-type=\"container\" data-settings=\"{&quot;background_background&quot;:&quot;classic&quot;}\">\n\t\t\t\t\t<div class=\"e-con-inner\">\n\t\t\t\t<div class=\"elementor-element elementor-element-02d10ee elementor-widget elementor-widget-html\" data-id=\"02d10ee\" data-element_type=\"widget\" data-e-type=\"widget\" data-widget_type=\"html.default\">\n\t\t\t\t<div class=\"elementor-widget-container\">\n\t\t\t\t\t<details style=\"color: white\">\n<summary style=\"color: white\">Cl\u00e1usula informativa<\/summary>\nDe conformidad con lo dispuesto en la normativa vigente de Protecci\u00f3n de datos, le informamos que los datos que nos facilite ser\u00e1n tratados por el responsable del tratamiento con el fin de atender y responder a las solicitudes de contacto, informaci\u00f3n y\/o consultas recibidas, as\u00ed como el env\u00edo de informaci\u00f3n acerca de nuestros productos y\/o servicios, previa autorizaci\u00f3n expresa. La legitimaci\u00f3n del tratamiento se basa en el consentimiento del interesado. Sus datos no se comunicar\u00e1n a terceros salvo obligaci\u00f3n legal. Puede ejercitar los derechos de acceso, rectificaci\u00f3n, supresi\u00f3n, oposici\u00f3n, limitaci\u00f3n y portabilidad enviando un mail a : <a style=\"color: #fff;\" href=\"mailto:info@haciendalosnaranjos.com\" bis_skin_checked=\"1\">info@haciendalosnaranjos.com <\/a><br>\n\nPuede consultar la informaci\u00f3n detallada en nuestra  <a style=\"color: #fff;\" href=\"https:\/\/duosportkitchen.com\/es\/privacy-policy\/\">POL\u00cdTICA DE PRIVACIDAD.<\/a>\n\n\n<\/details>\t\t\t\t<\/div>\n\t\t\t\t<\/div>\n\t\t\t\t\t<\/div>\n\t\t\t\t<\/div>\n\t\t<div class=\"elementor-element elementor-element-9a347af e-flex e-con-boxed e-con e-parent\" data-id=\"9a347af\" data-element_type=\"container\" data-e-type=\"container\">\n\t\t\t\t\t<div class=\"e-con-inner\">\n\t\t\t\t<div class=\"elementor-element elementor-element-6a48ef7 elementor-align-center elementor-widget elementor-widget-button\" data-id=\"6a48ef7\" data-element_type=\"widget\" data-e-type=\"widget\" data-widget_type=\"button.default\">\n\t\t\t\t<div class=\"elementor-widget-container\">\n\t\t\t\t\t\t\t\t\t<div class=\"elementor-button-wrapper\">\n\t\t\t\t\t<a class=\"elementor-button elementor-button-link elementor-size-sm\" href=\"#elementor-action%3Aaction%3Dpopup%3Aopen%26settings%3DeyJpZCI6IjkwNyIsInRvZ2dsZSI6ZmFsc2V9\">\n\t\t\t\t\t\t<span class=\"elementor-button-content-wrapper\">\n\t\t\t\t\t\t\t\t\t<span class=\"elementor-button-text\">Popup<\/span>\n\t\t\t\t\t<\/span>\n\t\t\t\t\t<\/a>\n\t\t\t\t<\/div>\n\t\t\t\t\t\t\t\t<\/div>\n\t\t\t\t<\/div>\n\t\t\t\t\t<\/div>\n\t\t\t\t<\/div>\n\t\t\t\t<\/div>","protected":false},"excerpt":{"rendered":"<p>Informative clause De conformidad con lo dispuesto en la normativa vigente de Protecci\u00f3n de datos, le informamos que los datos que nos facilite ser\u00e1n tratados por el responsable del tratamiento con el fin de atender y responder a las solicitudes de contacto, informaci\u00f3n y\/o consultas recibidas, as\u00ed como el env\u00edo de informaci\u00f3n acerca de nuestros [&hellip;]<\/p>\n","protected":false},"author":1,"featured_media":0,"parent":0,"menu_order":0,"comment_status":"closed","ping_status":"closed","template":"elementor_header_footer","meta":{"footnotes":""},"class_list":["post-804","page","type-page","status-publish","hentry"],"_links":{"self":[{"href":"https:\/\/duosportkitchen.com\/es\/wp-json\/wp\/v2\/pages\/804","targetHints":{"allow":["GET"]}}],"collection":[{"href":"https:\/\/duosportkitchen.com\/es\/wp-json\/wp\/v2\/pages"}],"about":[{"href":"https:\/\/duosportkitchen.com\/es\/wp-json\/wp\/v2\/types\/page"}],"author":[{"embeddable":true,"href":"https:\/\/duosportkitchen.com\/es\/wp-json\/wp\/v2\/users\/1"}],"replies":[{"embeddable":true,"href":"https:\/\/duosportkitchen.com\/es\/wp-json\/wp\/v2\/comments?post=804"}],"version-history":[{"count":37,"href":"https:\/\/duosportkitchen.com\/es\/wp-json\/wp\/v2\/pages\/804\/revisions"}],"predecessor-version":[{"id":1097,"href":"https:\/\/duosportkitchen.com\/es\/wp-json\/wp\/v2\/pages\/804\/revisions\/1097"}],"wp:attachment":[{"href":"https:\/\/duosportkitchen.com\/es\/wp-json\/wp\/v2\/media?parent=804"}],"curies":[{"name":"wp","href":"https:\/\/api.w.org\/{rel}","templated":true}]}}